{"id":25777,"date":"2025-03-22T23:29:05","date_gmt":"2025-03-22T22:29:05","guid":{"rendered":"https:\/\/gradskaprzionica.rs\/sr\/\u043f\u0440\u043e\u0438\u0437\u0432\u043e\u0434\/cafetto-sredstvo-za-ciscenje\/"},"modified":"2026-03-31T10:52:16","modified_gmt":"2026-03-31T09:52:16","slug":"cafetto-sredstvo-za-ciscenje","status":"publish","type":"product","link":"https:\/\/gradskaprzionica.rs\/sr\/\u043f\u0440\u043e\u0438\u0437\u0432\u043e\u0434\/cafetto-sredstvo-za-ciscenje\/","title":{"rendered":"CAFETTO SREDSTVO ZA \u010cI\u0160\u0106ENJE"},"content":{"rendered":"","protected":false},"excerpt":{"rendered":"","protected":false},"featured_media":0,"template":"","meta":[],"product_brand":[],"product_cat":[390],"product_tag":[],"class_list":{"0":"post-25777","1":"product","2":"type-product","3":"status-publish","5":"product_cat-oprema","7":"first","8":"instock","9":"shipping-taxable","10":"purchasable","11":"product-type-simple"},"yoast_head":"<!-- This site is optimized with the Yoast SEO plugin v24.7 - https:\/\/yoast.com\/wordpress\/plugins\/seo\/ -->\n<title>CAFETTO SREDSTVO ZA \u010cI\u0160\u0106ENJE - Gradska Pr\u017eionica<\/title>\n<meta name=\"robots\" content=\"index, follow, max-snippet:-1, max-image-preview:large, max-video-preview:-1\" \/>\n<link rel=\"canonical\" href=\"https:\/\/gradskaprzionica.rs\/sr\/\u043f\u0440\u043e\u0438\u0437\u0432\u043e\u0434\/cafetto-sredstvo-za-ciscenje\/\" \/>\n<meta property=\"og:locale\" content=\"sr_RS\" \/>\n<meta property=\"og:type\" content=\"article\" \/>\n<meta property=\"og:title\" content=\"CAFETTO SREDSTVO ZA \u010cI\u0160\u0106ENJE - Gradska Pr\u017eionica\" \/>\n<meta property=\"og:url\" content=\"https:\/\/gradskaprzionica.rs\/sr\/\u043f\u0440\u043e\u0438\u0437\u0432\u043e\u0434\/cafetto-sredstvo-za-ciscenje\/\" \/>\n<meta property=\"og:site_name\" content=\"Gradska Pr\u017eionica\" \/>\n<meta property=\"article:publisher\" content=\"http:\/\/www.facebook.com\/PrzionicaGradska\/\" \/>\n<meta property=\"article:modified_time\" content=\"2026-03-31T09:52:16+00:00\" \/>\n<meta name=\"twitter:card\" content=\"summary_large_image\" \/>\n<script type=\"application\/ld+json\" class=\"yoast-schema-graph\">{\"@context\":\"https:\/\/schema.org\",\"@graph\":[{\"@type\":\"WebPage\",\"@id\":\"https:\/\/gradskaprzionica.rs\/sr\/\u043f\u0440\u043e\u0438\u0437\u0432\u043e\u0434\/cafetto-sredstvo-za-ciscenje\/\",\"url\":\"https:\/\/gradskaprzionica.rs\/sr\/\u043f\u0440\u043e\u0438\u0437\u0432\u043e\u0434\/cafetto-sredstvo-za-ciscenje\/\",\"name\":\"CAFETTO SREDSTVO ZA \u010cI\u0160\u0106ENJE - Gradska Pr\u017eionica\",\"isPartOf\":{\"@id\":\"https:\/\/gradskaprzionica.rs\/#website\"},\"datePublished\":\"2025-03-22T22:29:05+00:00\",\"dateModified\":\"2026-03-31T09:52:16+00:00\",\"breadcrumb\":{\"@id\":\"https:\/\/gradskaprzionica.rs\/sr\/\u043f\u0440\u043e\u0438\u0437\u0432\u043e\u0434\/cafetto-sredstvo-za-ciscenje\/#breadcrumb\"},\"inLanguage\":\"sr-RS\",\"potentialAction\":[{\"@type\":\"ReadAction\",\"target\":[\"https:\/\/gradskaprzionica.rs\/sr\/\u043f\u0440\u043e\u0438\u0437\u0432\u043e\u0434\/cafetto-sredstvo-za-ciscenje\/\"]}]},{\"@type\":\"BreadcrumbList\",\"@id\":\"https:\/\/gradskaprzionica.rs\/sr\/\u043f\u0440\u043e\u0438\u0437\u0432\u043e\u0434\/cafetto-sredstvo-za-ciscenje\/#breadcrumb\",\"itemListElement\":[{\"@type\":\"ListItem\",\"position\":1,\"name\":\"Home\",\"item\":\"https:\/\/gradskaprzionica.rs\/\"},{\"@type\":\"ListItem\",\"position\":2,\"name\":\"Shop\",\"item\":\"https:\/\/gradskaprzionica.rs\/shop\/\"},{\"@type\":\"ListItem\",\"position\":3,\"name\":\"CAFETTO SREDSTVO ZA \u010cI\u0160\u0106ENJE\"}]},{\"@type\":\"WebSite\",\"@id\":\"https:\/\/gradskaprzionica.rs\/#website\",\"url\":\"https:\/\/gradskaprzionica.rs\/\",\"name\":\"Gradska Pr\u017eionica\",\"description\":\"\",\"publisher\":{\"@id\":\"https:\/\/gradskaprzionica.rs\/#organization\"},\"potentialAction\":[{\"@type\":\"SearchAction\",\"target\":{\"@type\":\"EntryPoint\",\"urlTemplate\":\"https:\/\/gradskaprzionica.rs\/?s={search_term_string}\"},\"query-input\":{\"@type\":\"PropertyValueSpecification\",\"valueRequired\":true,\"valueName\":\"search_term_string\"}}],\"inLanguage\":\"sr-RS\"},{\"@type\":\"Organization\",\"@id\":\"https:\/\/gradskaprzionica.rs\/#organization\",\"name\":\"Gradska Pr\u017eionica\",\"url\":\"https:\/\/gradskaprzionica.rs\/\",\"logo\":{\"@type\":\"ImageObject\",\"inLanguage\":\"sr-RS\",\"@id\":\"https:\/\/gradskaprzionica.rs\/#\/schema\/logo\/image\/\",\"url\":\"https:\/\/gradskaprzionica.rs\/wp-content\/uploads\/2022\/10\/Logo-03.png\",\"contentUrl\":\"https:\/\/gradskaprzionica.rs\/wp-content\/uploads\/2022\/10\/Logo-03.png\",\"width\":4500,\"height\":4500,\"caption\":\"Gradska Pr\u017eionica\"},\"image\":{\"@id\":\"https:\/\/gradskaprzionica.rs\/#\/schema\/logo\/image\/\"},\"sameAs\":[\"http:\/\/www.facebook.com\/PrzionicaGradska\/\",\"https:\/\/www.instagram.com\/gradskaprzionica\/\",\"https:\/\/www.youtube.com\/@przionicar4837\"]}]}<\/script>\n<!-- \/ Yoast SEO plugin. -->","yoast_head_json":{"title":"CAFETTO SREDSTVO ZA \u010cI\u0160\u0106ENJE - Gradska Pr\u017eionica","robots":{"index":"index","follow":"follow","max-snippet":"max-snippet:-1","max-image-preview":"max-image-preview:large","max-video-preview":"max-video-preview:-1"},"canonical":"https:\/\/gradskaprzionica.rs\/sr\/\u043f\u0440\u043e\u0438\u0437\u0432\u043e\u0434\/cafetto-sredstvo-za-ciscenje\/","og_locale":"sr_RS","og_type":"article","og_title":"CAFETTO SREDSTVO ZA \u010cI\u0160\u0106ENJE - Gradska Pr\u017eionica","og_url":"https:\/\/gradskaprzionica.rs\/sr\/\u043f\u0440\u043e\u0438\u0437\u0432\u043e\u0434\/cafetto-sredstvo-za-ciscenje\/","og_site_name":"Gradska Pr\u017eionica","article_publisher":"http:\/\/www.facebook.com\/PrzionicaGradska\/","article_modified_time":"2026-03-31T09:52:16+00:00","twitter_card":"summary_large_image","schema":{"@context":"https:\/\/schema.org","@graph":[{"@type":"WebPage","@id":"https:\/\/gradskaprzionica.rs\/sr\/\u043f\u0440\u043e\u0438\u0437\u0432\u043e\u0434\/cafetto-sredstvo-za-ciscenje\/","url":"https:\/\/gradskaprzionica.rs\/sr\/\u043f\u0440\u043e\u0438\u0437\u0432\u043e\u0434\/cafetto-sredstvo-za-ciscenje\/","name":"CAFETTO SREDSTVO ZA \u010cI\u0160\u0106ENJE - Gradska Pr\u017eionica","isPartOf":{"@id":"https:\/\/gradskaprzionica.rs\/#website"},"datePublished":"2025-03-22T22:29:05+00:00","dateModified":"2026-03-31T09:52:16+00:00","breadcrumb":{"@id":"https:\/\/gradskaprzionica.rs\/sr\/\u043f\u0440\u043e\u0438\u0437\u0432\u043e\u0434\/cafetto-sredstvo-za-ciscenje\/#breadcrumb"},"inLanguage":"sr-RS","potentialAction":[{"@type":"ReadAction","target":["https:\/\/gradskaprzionica.rs\/sr\/\u043f\u0440\u043e\u0438\u0437\u0432\u043e\u0434\/cafetto-sredstvo-za-ciscenje\/"]}]},{"@type":"BreadcrumbList","@id":"https:\/\/gradskaprzionica.rs\/sr\/\u043f\u0440\u043e\u0438\u0437\u0432\u043e\u0434\/cafetto-sredstvo-za-ciscenje\/#breadcrumb","itemListElement":[{"@type":"ListItem","position":1,"name":"Home","item":"https:\/\/gradskaprzionica.rs\/"},{"@type":"ListItem","position":2,"name":"Shop","item":"https:\/\/gradskaprzionica.rs\/shop\/"},{"@type":"ListItem","position":3,"name":"CAFETTO SREDSTVO ZA \u010cI\u0160\u0106ENJE"}]},{"@type":"WebSite","@id":"https:\/\/gradskaprzionica.rs\/#website","url":"https:\/\/gradskaprzionica.rs\/","name":"Gradska Pr\u017eionica","description":"","publisher":{"@id":"https:\/\/gradskaprzionica.rs\/#organization"},"potentialAction":[{"@type":"SearchAction","target":{"@type":"EntryPoint","urlTemplate":"https:\/\/gradskaprzionica.rs\/?s={search_term_string}"},"query-input":{"@type":"PropertyValueSpecification","valueRequired":true,"valueName":"search_term_string"}}],"inLanguage":"sr-RS"},{"@type":"Organization","@id":"https:\/\/gradskaprzionica.rs\/#organization","name":"Gradska Pr\u017eionica","url":"https:\/\/gradskaprzionica.rs\/","logo":{"@type":"ImageObject","inLanguage":"sr-RS","@id":"https:\/\/gradskaprzionica.rs\/#\/schema\/logo\/image\/","url":"https:\/\/gradskaprzionica.rs\/wp-content\/uploads\/2022\/10\/Logo-03.png","contentUrl":"https:\/\/gradskaprzionica.rs\/wp-content\/uploads\/2022\/10\/Logo-03.png","width":4500,"height":4500,"caption":"Gradska Pr\u017eionica"},"image":{"@id":"https:\/\/gradskaprzionica.rs\/#\/schema\/logo\/image\/"},"sameAs":["http:\/\/www.facebook.com\/PrzionicaGradska\/","https:\/\/www.instagram.com\/gradskaprzionica\/","https:\/\/www.youtube.com\/@przionicar4837"]}]}},"_links":{"self":[{"href":"https:\/\/gradskaprzionica.rs\/sr\/wp-json\/wp\/v2\/product\/25777","targetHints":{"allow":["GET"]}}],"collection":[{"href":"https:\/\/gradskaprzionica.rs\/sr\/wp-json\/wp\/v2\/product"}],"about":[{"href":"https:\/\/gradskaprzionica.rs\/sr\/wp-json\/wp\/v2\/types\/product"}],"wp:attachment":[{"href":"https:\/\/gradskaprzionica.rs\/sr\/wp-json\/wp\/v2\/media?parent=25777"}],"wp:term":[{"taxonomy":"product_brand","embeddable":true,"href":"https:\/\/gradskaprzionica.rs\/sr\/wp-json\/wp\/v2\/product_brand?post=25777"},{"taxonomy":"product_cat","embeddable":true,"href":"https:\/\/gradskaprzionica.rs\/sr\/wp-json\/wp\/v2\/product_cat?post=25777"},{"taxonomy":"product_tag","embeddable":true,"href":"https:\/\/gradskaprzionica.rs\/sr\/wp-json\/wp\/v2\/product_tag?post=25777"}],"curies":[{"name":"wp","href":"https:\/\/api.w.org\/{rel}","templated":true}]}}