{"id":1165,"date":"2022-11-07T13:24:05","date_gmt":"2022-11-07T13:24:05","guid":{"rendered":"https:\/\/gradskaprzionica.rs\/?page_id=1165"},"modified":"2023-01-16T00:35:06","modified_gmt":"2023-01-16T00:35:06","slug":"blendiranje-kafe","status":"publish","type":"page","link":"https:\/\/gradskaprzionica.rs\/sr\/blendiranje-kafe\/","title":{"rendered":"Blendiranje kafe"},"content":{"rendered":"<div data-elementor-type=\"wp-page\" data-elementor-id=\"1165\" class=\"elementor elementor-1165\" data-elementor-post-type=\"page\">\n\t\t\t\t\t\t<section class=\"has_eae_slider elementor-section elementor-top-section elementor-element elementor-element-e6162e2 elementor-section-boxed elementor-section-height-default elementor-section-height-default\" data-id=\"e6162e2\" data-element_type=\"section\">\n\t\t\t\t\t\t<div class=\"elementor-container elementor-column-gap-default\">\n\t\t\t\t\t<div class=\"has_eae_slider elementor-column elementor-col-100 elementor-top-column elementor-element elementor-element-562bdbc\" data-id=\"562bdbc\" data-element_type=\"column\">\n\t\t\t<div class=\"elementor-widget-wrap elementor-element-populated\">\n\t\t\t\t\t\t<div class=\"elementor-element elementor-element-84ba4c7 elementor-widget elementor-widget-spacer\" data-id=\"84ba4c7\" data-element_type=\"widget\" data-widget_type=\"spacer.default\">\n\t\t\t\t<div class=\"elementor-widget-container\">\n\t\t\t\t\t<div class=\"elementor-spacer\">\n\t\t\t<div class=\"elementor-spacer-inner\"><\/div>\n\t\t<\/div>\n\t\t\t\t<\/div>\n\t\t\t\t<\/div>\n\t\t\t\t<div class=\"elementor-element elementor-element-961b0ff elementor-widget elementor-widget-heading\" data-id=\"961b0ff\" data-element_type=\"widget\" data-widget_type=\"heading.default\">\n\t\t\t\t<div class=\"elementor-widget-container\">\n\t\t\t<h2 class=\"elementor-heading-title elementor-size-default\">Blendiranje kafe\n<\/h2>\t\t<\/div>\n\t\t\t\t<\/div>\n\t\t\t\t<div class=\"elementor-element elementor-element-c89424a elementor-widget elementor-widget-spacer\" data-id=\"c89424a\" data-element_type=\"widget\" data-widget_type=\"spacer.default\">\n\t\t\t\t<div class=\"elementor-widget-container\">\n\t\t\t\t\t<div class=\"elementor-spacer\">\n\t\t\t<div class=\"elementor-spacer-inner\"><\/div>\n\t\t<\/div>\n\t\t\t\t<\/div>\n\t\t\t\t<\/div>\n\t\t\t\t<div class=\"elementor-element elementor-element-2384d23 elementor-widget elementor-widget-text-editor\" data-id=\"2384d23\" data-element_type=\"widget\" data-widget_type=\"text-editor.default\">\n\t\t\t\t<div class=\"elementor-widget-container\">\n\t\t\t\t\t\t\t<p>Napravi svoju me\u0161avinu kafe i budi jedinstven kao \u0161to su i svi na\u0161i klijenti.<\/p>\t\t\t\t\t\t<\/div>\n\t\t\t\t<\/div>\n\t\t\t\t<div class=\"elementor-element elementor-element-af75647 elementor-widget elementor-widget-spacer\" data-id=\"af75647\" data-element_type=\"widget\" data-widget_type=\"spacer.default\">\n\t\t\t\t<div class=\"elementor-widget-container\">\n\t\t\t\t\t<div class=\"elementor-spacer\">\n\t\t\t<div class=\"elementor-spacer-inner\"><\/div>\n\t\t<\/div>\n\t\t\t\t<\/div>\n\t\t\t\t<\/div>\n\t\t\t\t<div class=\"elementor-element elementor-element-913dcd4 elementor-arrows-position-inside elementor-pagination-position-outside elementor-widget elementor-widget-image-carousel\" data-id=\"913dcd4\" data-element_type=\"widget\" data-settings=\"{&quot;navigation&quot;:&quot;both&quot;,&quot;autoplay&quot;:&quot;yes&quot;,&quot;pause_on_hover&quot;:&quot;yes&quot;,&quot;pause_on_interaction&quot;:&quot;yes&quot;,&quot;autoplay_speed&quot;:5000,&quot;infinite&quot;:&quot;yes&quot;,&quot;speed&quot;:500}\" data-widget_type=\"image-carousel.default\">\n\t\t\t\t<div class=\"elementor-widget-container\">\n\t\t\t\t\t<div class=\"elementor-image-carousel-wrapper swiper\" dir=\"ltr\">\n\t\t\t<div class=\"elementor-image-carousel swiper-wrapper\" aria-live=\"off\">\n\t\t\t\t\t\t\t\t<div class=\"swiper-slide\" role=\"group\" aria-roledescription=\"slide\" aria-label=\"1 of 3\"><figure class=\"swiper-slide-inner\"><img decoding=\"async\" class=\"swiper-slide-image\" src=\"https:\/\/gradskaprzionica.rs\/wp-content\/uploads\/elementor\/thumbs\/Blendiranje-1-m-pzf258bjz55q00szjlswm39oq7lx1tds1syxcwbo3c.jpg\" alt=\"\" \/><\/figure><\/div><div class=\"swiper-slide\" role=\"group\" aria-roledescription=\"slide\" aria-label=\"2 of 3\"><figure class=\"swiper-slide-inner\"><img decoding=\"async\" class=\"swiper-slide-image\" src=\"https:\/\/gradskaprzionica.rs\/wp-content\/uploads\/elementor\/thumbs\/Blendiranje-2-m-pzf25a78ct8an8q98mm5r2slwzcnh7l8q29wbg8vqw.jpg\" alt=\"\" \/><\/figure><\/div><div class=\"swiper-slide\" role=\"group\" aria-roledescription=\"slide\" aria-label=\"3 of 3\"><figure class=\"swiper-slide-inner\"><img decoding=\"async\" class=\"swiper-slide-image\" src=\"https:\/\/gradskaprzionica.rs\/wp-content\/uploads\/elementor\/thumbs\/Blendiranje-3-m-pzf25dyl45dfxoksmo8o11ugaiu4c0062kvu8k3b20.jpg\" alt=\"\" \/><\/figure><\/div>\t\t\t<\/div>\n\t\t\t\t\t\t\t\t\t\t\t\t<div class=\"elementor-swiper-button elementor-swiper-button-prev\" role=\"button\" tabindex=\"0\">\n\t\t\t\t\t\t<i aria-hidden=\"true\" class=\"eicon-chevron-left\"><\/i>\t\t\t\t\t<\/div>\n\t\t\t\t\t<div class=\"elementor-swiper-button elementor-swiper-button-next\" role=\"button\" tabindex=\"0\">\n\t\t\t\t\t\t<i aria-hidden=\"true\" class=\"eicon-chevron-right\"><\/i>\t\t\t\t\t<\/div>\n\t\t\t\t\n\t\t\t\t\t\t\t\t\t<div class=\"swiper-pagination\"><\/div>\n\t\t\t\t\t\t\t\t\t<\/div>\n\t\t\t\t<\/div>\n\t\t\t\t<\/div>\n\t\t\t\t<div class=\"elementor-element elementor-element-9f25cbc elementor-widget elementor-widget-spacer\" data-id=\"9f25cbc\" data-element_type=\"widget\" data-widget_type=\"spacer.default\">\n\t\t\t\t<div class=\"elementor-widget-container\">\n\t\t\t\t\t<div class=\"elementor-spacer\">\n\t\t\t<div class=\"elementor-spacer-inner\"><\/div>\n\t\t<\/div>\n\t\t\t\t<\/div>\n\t\t\t\t<\/div>\n\t\t\t\t\t<\/div>\n\t\t<\/div>\n\t\t\t\t\t<\/div>\n\t\t<\/section>\n\t\t\t\t<\/div>","protected":false},"excerpt":{"rendered":"<p>Coffee blending Create your blend and be unique like all our clients. Previous Next<\/p>","protected":false},"author":1,"featured_media":0,"parent":0,"menu_order":0,"comment_status":"closed","ping_status":"closed","template":"","meta":{"footnotes":""},"class_list":["post-1165","page","type-page","status-publish","hentry"],"yoast_head":"<!-- This site is optimized with the Yoast SEO plugin v24.7 - https:\/\/yoast.com\/wordpress\/plugins\/seo\/ -->\n<title>Blendiranje kafe - Gradska Pr\u017eionica<\/title>\n<meta name=\"robots\" content=\"index, follow, max-snippet:-1, max-image-preview:large, max-video-preview:-1\" \/>\n<link rel=\"canonical\" href=\"https:\/\/gradskaprzionica.rs\/sr\/blendiranje-kafe\/\" \/>\n<meta property=\"og:locale\" content=\"sr_RS\" \/>\n<meta property=\"og:type\" content=\"article\" \/>\n<meta property=\"og:title\" content=\"Blendiranje kafe - Gradska Pr\u017eionica\" \/>\n<meta property=\"og:description\" content=\"Coffee blending Create your blend and be unique like all our clients. Previous Next\" \/>\n<meta property=\"og:url\" content=\"https:\/\/gradskaprzionica.rs\/sr\/blendiranje-kafe\/\" \/>\n<meta property=\"og:site_name\" content=\"Gradska Pr\u017eionica\" \/>\n<meta property=\"article:publisher\" content=\"http:\/\/www.facebook.com\/PrzionicaGradska\/\" \/>\n<meta property=\"article:modified_time\" content=\"2023-01-16T00:35:06+00:00\" \/>\n<meta property=\"og:image\" content=\"https:\/\/gradskaprzionica.rs\/wp-content\/uploads\/elementor\/thumbs\/Blendiranje-1-m-pzf258bjz55q00szjlswm39oq7lx1tds1syxcwbo3c.jpg\" \/>\n<meta name=\"twitter:card\" content=\"summary_large_image\" \/>\n<script type=\"application\/ld+json\" class=\"yoast-schema-graph\">{\"@context\":\"https:\/\/schema.org\",\"@graph\":[{\"@type\":\"WebPage\",\"@id\":\"https:\/\/gradskaprzionica.rs\/blendiranje-kafe\/\",\"url\":\"https:\/\/gradskaprzionica.rs\/blendiranje-kafe\/\",\"name\":\"Blendiranje kafe - Gradska Pr\u017eionica\",\"isPartOf\":{\"@id\":\"https:\/\/gradskaprzionica.rs\/#website\"},\"primaryImageOfPage\":{\"@id\":\"https:\/\/gradskaprzionica.rs\/blendiranje-kafe\/#primaryimage\"},\"image\":{\"@id\":\"https:\/\/gradskaprzionica.rs\/blendiranje-kafe\/#primaryimage\"},\"thumbnailUrl\":\"https:\/\/gradskaprzionica.rs\/wp-content\/uploads\/elementor\/thumbs\/Blendiranje-1-m-pzf258bjz55q00szjlswm39oq7lx1tds1syxcwbo3c.jpg\",\"datePublished\":\"2022-11-07T13:24:05+00:00\",\"dateModified\":\"2023-01-16T00:35:06+00:00\",\"breadcrumb\":{\"@id\":\"https:\/\/gradskaprzionica.rs\/blendiranje-kafe\/#breadcrumb\"},\"inLanguage\":\"sr-RS\",\"potentialAction\":[{\"@type\":\"ReadAction\",\"target\":[\"https:\/\/gradskaprzionica.rs\/blendiranje-kafe\/\"]}]},{\"@type\":\"ImageObject\",\"inLanguage\":\"sr-RS\",\"@id\":\"https:\/\/gradskaprzionica.rs\/blendiranje-kafe\/#primaryimage\",\"url\":\"https:\/\/gradskaprzionica.rs\/wp-content\/uploads\/elementor\/thumbs\/Blendiranje-1-m-pzf258bjz55q00szjlswm39oq7lx1tds1syxcwbo3c.jpg\",\"contentUrl\":\"https:\/\/gradskaprzionica.rs\/wp-content\/uploads\/elementor\/thumbs\/Blendiranje-1-m-pzf258bjz55q00szjlswm39oq7lx1tds1syxcwbo3c.jpg\"},{\"@type\":\"BreadcrumbList\",\"@id\":\"https:\/\/gradskaprzionica.rs\/blendiranje-kafe\/#breadcrumb\",\"itemListElement\":[{\"@type\":\"ListItem\",\"position\":1,\"name\":\"Home\",\"item\":\"https:\/\/gradskaprzionica.rs\/\"},{\"@type\":\"ListItem\",\"position\":2,\"name\":\"Blendiranje kafe\"}]},{\"@type\":\"WebSite\",\"@id\":\"https:\/\/gradskaprzionica.rs\/#website\",\"url\":\"https:\/\/gradskaprzionica.rs\/\",\"name\":\"Gradska Pr\u017eionica\",\"description\":\"\",\"publisher\":{\"@id\":\"https:\/\/gradskaprzionica.rs\/#organization\"},\"potentialAction\":[{\"@type\":\"SearchAction\",\"target\":{\"@type\":\"EntryPoint\",\"urlTemplate\":\"https:\/\/gradskaprzionica.rs\/?s={search_term_string}\"},\"query-input\":{\"@type\":\"PropertyValueSpecification\",\"valueRequired\":true,\"valueName\":\"search_term_string\"}}],\"inLanguage\":\"sr-RS\"},{\"@type\":\"Organization\",\"@id\":\"https:\/\/gradskaprzionica.rs\/#organization\",\"name\":\"Gradska Pr\u017eionica\",\"url\":\"https:\/\/gradskaprzionica.rs\/\",\"logo\":{\"@type\":\"ImageObject\",\"inLanguage\":\"sr-RS\",\"@id\":\"https:\/\/gradskaprzionica.rs\/#\/schema\/logo\/image\/\",\"url\":\"https:\/\/gradskaprzionica.rs\/wp-content\/uploads\/2022\/10\/Logo-03.png\",\"contentUrl\":\"https:\/\/gradskaprzionica.rs\/wp-content\/uploads\/2022\/10\/Logo-03.png\",\"width\":4500,\"height\":4500,\"caption\":\"Gradska Pr\u017eionica\"},\"image\":{\"@id\":\"https:\/\/gradskaprzionica.rs\/#\/schema\/logo\/image\/\"},\"sameAs\":[\"http:\/\/www.facebook.com\/PrzionicaGradska\/\",\"https:\/\/www.instagram.com\/gradskaprzionica\/\",\"https:\/\/www.youtube.com\/@przionicar4837\"]}]}<\/script>\n<!-- \/ Yoast SEO plugin. -->","yoast_head_json":{"title":"Blendiranje kafe - Gradska Pr\u017eionica","robots":{"index":"index","follow":"follow","max-snippet":"max-snippet:-1","max-image-preview":"max-image-preview:large","max-video-preview":"max-video-preview:-1"},"canonical":"https:\/\/gradskaprzionica.rs\/sr\/blendiranje-kafe\/","og_locale":"sr_RS","og_type":"article","og_title":"Blendiranje kafe - Gradska Pr\u017eionica","og_description":"Coffee blending Create your blend and be unique like all our clients. Previous Next","og_url":"https:\/\/gradskaprzionica.rs\/sr\/blendiranje-kafe\/","og_site_name":"Gradska Pr\u017eionica","article_publisher":"http:\/\/www.facebook.com\/PrzionicaGradska\/","article_modified_time":"2023-01-16T00:35:06+00:00","og_image":[{"url":"https:\/\/gradskaprzionica.rs\/wp-content\/uploads\/elementor\/thumbs\/Blendiranje-1-m-pzf258bjz55q00szjlswm39oq7lx1tds1syxcwbo3c.jpg","type":"","width":"","height":""}],"twitter_card":"summary_large_image","schema":{"@context":"https:\/\/schema.org","@graph":[{"@type":"WebPage","@id":"https:\/\/gradskaprzionica.rs\/blendiranje-kafe\/","url":"https:\/\/gradskaprzionica.rs\/blendiranje-kafe\/","name":"Blendiranje kafe - Gradska Pr\u017eionica","isPartOf":{"@id":"https:\/\/gradskaprzionica.rs\/#website"},"primaryImageOfPage":{"@id":"https:\/\/gradskaprzionica.rs\/blendiranje-kafe\/#primaryimage"},"image":{"@id":"https:\/\/gradskaprzionica.rs\/blendiranje-kafe\/#primaryimage"},"thumbnailUrl":"https:\/\/gradskaprzionica.rs\/wp-content\/uploads\/elementor\/thumbs\/Blendiranje-1-m-pzf258bjz55q00szjlswm39oq7lx1tds1syxcwbo3c.jpg","datePublished":"2022-11-07T13:24:05+00:00","dateModified":"2023-01-16T00:35:06+00:00","breadcrumb":{"@id":"https:\/\/gradskaprzionica.rs\/blendiranje-kafe\/#breadcrumb"},"inLanguage":"sr-RS","potentialAction":[{"@type":"ReadAction","target":["https:\/\/gradskaprzionica.rs\/blendiranje-kafe\/"]}]},{"@type":"ImageObject","inLanguage":"sr-RS","@id":"https:\/\/gradskaprzionica.rs\/blendiranje-kafe\/#primaryimage","url":"https:\/\/gradskaprzionica.rs\/wp-content\/uploads\/elementor\/thumbs\/Blendiranje-1-m-pzf258bjz55q00szjlswm39oq7lx1tds1syxcwbo3c.jpg","contentUrl":"https:\/\/gradskaprzionica.rs\/wp-content\/uploads\/elementor\/thumbs\/Blendiranje-1-m-pzf258bjz55q00szjlswm39oq7lx1tds1syxcwbo3c.jpg"},{"@type":"BreadcrumbList","@id":"https:\/\/gradskaprzionica.rs\/blendiranje-kafe\/#breadcrumb","itemListElement":[{"@type":"ListItem","position":1,"name":"Home","item":"https:\/\/gradskaprzionica.rs\/"},{"@type":"ListItem","position":2,"name":"Blendiranje kafe"}]},{"@type":"WebSite","@id":"https:\/\/gradskaprzionica.rs\/#website","url":"https:\/\/gradskaprzionica.rs\/","name":"Gradska Pr\u017eionica","description":"","publisher":{"@id":"https:\/\/gradskaprzionica.rs\/#organization"},"potentialAction":[{"@type":"SearchAction","target":{"@type":"EntryPoint","urlTemplate":"https:\/\/gradskaprzionica.rs\/?s={search_term_string}"},"query-input":{"@type":"PropertyValueSpecification","valueRequired":true,"valueName":"search_term_string"}}],"inLanguage":"sr-RS"},{"@type":"Organization","@id":"https:\/\/gradskaprzionica.rs\/#organization","name":"Gradska Pr\u017eionica","url":"https:\/\/gradskaprzionica.rs\/","logo":{"@type":"ImageObject","inLanguage":"sr-RS","@id":"https:\/\/gradskaprzionica.rs\/#\/schema\/logo\/image\/","url":"https:\/\/gradskaprzionica.rs\/wp-content\/uploads\/2022\/10\/Logo-03.png","contentUrl":"https:\/\/gradskaprzionica.rs\/wp-content\/uploads\/2022\/10\/Logo-03.png","width":4500,"height":4500,"caption":"Gradska Pr\u017eionica"},"image":{"@id":"https:\/\/gradskaprzionica.rs\/#\/schema\/logo\/image\/"},"sameAs":["http:\/\/www.facebook.com\/PrzionicaGradska\/","https:\/\/www.instagram.com\/gradskaprzionica\/","https:\/\/www.youtube.com\/@przionicar4837"]}]}},"_links":{"self":[{"href":"https:\/\/gradskaprzionica.rs\/sr\/wp-json\/wp\/v2\/pages\/1165","targetHints":{"allow":["GET"]}}],"collection":[{"href":"https:\/\/gradskaprzionica.rs\/sr\/wp-json\/wp\/v2\/pages"}],"about":[{"href":"https:\/\/gradskaprzionica.rs\/sr\/wp-json\/wp\/v2\/types\/page"}],"author":[{"embeddable":true,"href":"https:\/\/gradskaprzionica.rs\/sr\/wp-json\/wp\/v2\/users\/1"}],"replies":[{"embeddable":true,"href":"https:\/\/gradskaprzionica.rs\/sr\/wp-json\/wp\/v2\/comments?post=1165"}],"version-history":[{"count":18,"href":"https:\/\/gradskaprzionica.rs\/sr\/wp-json\/wp\/v2\/pages\/1165\/revisions"}],"predecessor-version":[{"id":15601,"href":"https:\/\/gradskaprzionica.rs\/sr\/wp-json\/wp\/v2\/pages\/1165\/revisions\/15601"}],"wp:attachment":[{"href":"https:\/\/gradskaprzionica.rs\/sr\/wp-json\/wp\/v2\/media?parent=1165"}],"curies":[{"name":"wp","href":"https:\/\/api.w.org\/{rel}","templated":true}]}}